{"id":1935,"date":"2023-07-31T21:06:22","date_gmt":"2023-07-31T19:06:22","guid":{"rendered":"https:\/\/enrougetnoir.fr\/?page_id=1935"},"modified":"2026-03-26T15:48:47","modified_gmt":"2026-03-26T14:48:47","slug":"jours-de-vente","status":"publish","type":"page","link":"https:\/\/enrougetnoir.fr\/?page_id=1935","title":{"rendered":"Jours de vente"},"content":{"rendered":"\n<div class=\"wp-block-uagb-container uagb-block-ecba9c68 alignfull uagb-is-root-container\"><div class=\"uagb-container-inner-blocks-wrap\">\n<h1 class=\"wp-block-heading has-text-align-center has-ast-global-color-5-color has-text-color\" style=\"padding-top:0rem;padding-right:0rem;padding-bottom:0rem;padding-left:0rem\"><strong>Points de vente<\/strong><\/h1>\n<\/div><\/div>\n\n\n\n<div style=\"height:54px\" aria-hidden=\"true\" class=\"wp-block-spacer\"><\/div>\n\n\n\n<div class=\"wp-block-columns is-layout-flex wp-container-core-columns-is-layout-28f84493 wp-block-columns-is-layout-flex\">\n<div class=\"wp-block-column is-layout-flow wp-block-column-is-layout-flow\"><\/div>\n<\/div>\n\n\n\n<div style=\"height:100px\" aria-hidden=\"true\" class=\"wp-block-spacer\"><\/div>\n\n\n\n<div class=\"wp-block-uagb-container uagb-block-b3877af1 alignfull uagb-is-root-container\"><div class=\"uagb-container-inner-blocks-wrap\">\n<div class=\"wp-block-columns is-layout-flex wp-container-core-columns-is-layout-28f84493 wp-block-columns-is-layout-flex\">\n<div class=\"wp-block-column is-layout-flow wp-block-column-is-layout-flow\">\n<h2 class=\"wp-block-heading alignwide has-text-align-center has-ast-global-color-2-color has-text-color has-link-color wp-elements-bdd878ba2dc39d1d19975e3304b8061c\"><strong><mark style=\"background-color:rgba(0, 0, 0, 0)\" class=\"has-inline-color has-ast-global-color-2-color\">Retrouvez-moi pr\u00e8s de chez vous !<\/mark><\/strong><\/h2>\n\n\n\n<div class=\"wp-block-columns is-layout-flex wp-container-core-columns-is-layout-28f84493 wp-block-columns-is-layout-flex\">\n<div class=\"wp-block-column is-layout-flow wp-block-column-is-layout-flow\" style=\"flex-basis:66.66%\">\n<div style=\"height:33px\" aria-hidden=\"true\" class=\"wp-block-spacer\"><\/div>\n\n\n\n<p>Depuis Ao\u00fbt 2023 ma petite poissonnerie mobile s&rsquo;est lanc\u00e9e sur les routes des communes pr\u00e8s de chez moi : <strong>Daoulas<\/strong>, <strong>Logonna-Daoulas<\/strong>, <strong>Saint-Urbain<\/strong>, <strong>Plou\u00e9dern<\/strong>, <strong>Plougastel<\/strong> et <strong>Lannilis<\/strong> ! C&rsquo;est un r\u00e9el plaisir de vous recevoir sur mon stand, de vous conseiller et d&rsquo;\u00e9changer avec vous des recettes gourmandes !<\/p>\n\n\n\n<div style=\"height:17px\" aria-hidden=\"true\" class=\"wp-block-spacer\"><\/div>\n\n\n\n<p>N&rsquo;h\u00e9sitez pas \u00e0 venir d\u00e9couvrir mon \u00e9talage avec du poisson frais issu de p\u00eache locale, des pr\u00e9parations maisons, des produits d&rsquo;\u00e9picerie et du vin pour accompagner vos plats !<\/p>\n\n\n\n<p>\u00c0 tr\u00e8s vite !<\/p>\n<\/div>\n\n\n\n<div class=\"wp-block-column is-layout-constrained wp-block-column-is-layout-constrained\" style=\"flex-basis:30%\">\n<div style=\"height:28px\" aria-hidden=\"true\" class=\"wp-block-spacer\"><\/div>\n\n\n\n<div data-aos= \"slide-left\" data-aos-duration=\"400\" data-aos-delay=\"0\" data-aos-easing=\"ease\" data-aos-once=\"true\" class=\"wp-block-uagb-image alignright uagb-block-e02d92f9 wp-block-uagb-image--layout-default wp-block-uagb-image--effect-slide wp-block-uagb-image--align-right\"><figure class=\"wp-block-uagb-image__figure\"><img decoding=\"async\" srcset=\"https:\/\/enrougetnoir.fr\/wp-content\/uploads\/2025\/07\/Remorque-EnRougetNoir.png ,https:\/\/enrougetnoir.fr\/wp-content\/uploads\/2025\/07\/Remorque-EnRougetNoir.png 780w, https:\/\/enrougetnoir.fr\/wp-content\/uploads\/2025\/07\/Remorque-EnRougetNoir.png 360w\" sizes=\"auto, (max-width: 480px) 150px\" src=\"https:\/\/enrougetnoir.fr\/wp-content\/uploads\/2025\/07\/Remorque-EnRougetNoir.png\" alt=\"\" class=\"uag-image-2224\" width=\"1011\" height=\"760\" title=\"Remorque EnRougetNoir\" loading=\"lazy\" role=\"img\"\/><\/figure><\/div>\n<\/div>\n<\/div>\n\n\n\n<p class=\"aligncenter is-style-fill\"><\/p>\n<\/div>\n<\/div>\n<\/div><\/div>\n\n\n\n<div style=\"height:88px\" aria-hidden=\"true\" class=\"wp-block-spacer\"><\/div>\n\n\n\n<div class=\"wp-block-columns is-layout-flex wp-container-core-columns-is-layout-28f84493 wp-block-columns-is-layout-flex\">\n<div class=\"wp-block-column is-layout-flow wp-block-column-is-layout-flow\">\n<figure class=\"wp-block-image size-large\"><img loading=\"lazy\" decoding=\"async\" width=\"576\" height=\"1024\" src=\"https:\/\/enrougetnoir.fr\/wp-content\/uploads\/2025\/10\/2-576x1024.png\" alt=\"\" class=\"wp-image-2266\" srcset=\"https:\/\/enrougetnoir.fr\/wp-content\/uploads\/2025\/10\/2-576x1024.png 576w, https:\/\/enrougetnoir.fr\/wp-content\/uploads\/2025\/10\/2-169x300.png 169w, https:\/\/enrougetnoir.fr\/wp-content\/uploads\/2025\/10\/2-768x1365.png 768w, https:\/\/enrougetnoir.fr\/wp-content\/uploads\/2025\/10\/2-864x1536.png 864w, https:\/\/enrougetnoir.fr\/wp-content\/uploads\/2025\/10\/2.png 1080w\" sizes=\"auto, (max-width: 576px) 100vw, 576px\" \/><\/figure>\n<\/div>\n\n\n\n<div class=\"wp-block-column is-layout-flow wp-block-column-is-layout-flow\"><\/div>\n\n\n\n<div class=\"wp-block-column is-layout-flow wp-block-column-is-layout-flow\">\n<figure class=\"wp-block-image size-large\"><img loading=\"lazy\" decoding=\"async\" width=\"576\" height=\"1024\" src=\"https:\/\/enrougetnoir.fr\/wp-content\/uploads\/2025\/07\/4-1-576x1024.png\" alt=\"\" class=\"wp-image-2216\" srcset=\"https:\/\/enrougetnoir.fr\/wp-content\/uploads\/2025\/07\/4-1-576x1024.png 576w, https:\/\/enrougetnoir.fr\/wp-content\/uploads\/2025\/07\/4-1-169x300.png 169w, https:\/\/enrougetnoir.fr\/wp-content\/uploads\/2025\/07\/4-1-768x1365.png 768w, https:\/\/enrougetnoir.fr\/wp-content\/uploads\/2025\/07\/4-1-864x1536.png 864w, https:\/\/enrougetnoir.fr\/wp-content\/uploads\/2025\/07\/4-1.png 1080w\" sizes=\"auto, (max-width: 576px) 100vw, 576px\" \/><\/figure>\n<\/div>\n<\/div>\n\n\n\n<div style=\"height:100px\" aria-hidden=\"true\" class=\"wp-block-spacer\"><\/div>\n\n\n\n<div class=\"wp-block-columns is-layout-flex wp-container-core-columns-is-layout-28f84493 wp-block-columns-is-layout-flex\">\n<div class=\"wp-block-column is-layout-flow wp-block-column-is-layout-flow\">\n<figure class=\"wp-block-image size-large\"><img loading=\"lazy\" decoding=\"async\" width=\"576\" height=\"1024\" src=\"https:\/\/enrougetnoir.fr\/wp-content\/uploads\/2025\/10\/6-576x1024.png\" alt=\"\" class=\"wp-image-2269\" srcset=\"https:\/\/enrougetnoir.fr\/wp-content\/uploads\/2025\/10\/6-576x1024.png 576w, https:\/\/enrougetnoir.fr\/wp-content\/uploads\/2025\/10\/6-169x300.png 169w, https:\/\/enrougetnoir.fr\/wp-content\/uploads\/2025\/10\/6-768x1365.png 768w, https:\/\/enrougetnoir.fr\/wp-content\/uploads\/2025\/10\/6-864x1536.png 864w, https:\/\/enrougetnoir.fr\/wp-content\/uploads\/2025\/10\/6.png 1080w\" sizes=\"auto, (max-width: 576px) 100vw, 576px\" \/><\/figure>\n<\/div>\n\n\n\n<div class=\"wp-block-column is-layout-flow wp-block-column-is-layout-flow\"><\/div>\n\n\n\n<div class=\"wp-block-column is-layout-flow wp-block-column-is-layout-flow\">\n<figure class=\"wp-block-image size-large\"><img loading=\"lazy\" decoding=\"async\" width=\"576\" height=\"1024\" src=\"https:\/\/enrougetnoir.fr\/wp-content\/uploads\/2025\/07\/7-576x1024.png\" alt=\"\" class=\"wp-image-2218\" srcset=\"https:\/\/enrougetnoir.fr\/wp-content\/uploads\/2025\/07\/7-576x1024.png 576w, https:\/\/enrougetnoir.fr\/wp-content\/uploads\/2025\/07\/7-169x300.png 169w, https:\/\/enrougetnoir.fr\/wp-content\/uploads\/2025\/07\/7-768x1365.png 768w, https:\/\/enrougetnoir.fr\/wp-content\/uploads\/2025\/07\/7-864x1536.png 864w, https:\/\/enrougetnoir.fr\/wp-content\/uploads\/2025\/07\/7.png 1080w\" sizes=\"auto, (max-width: 576px) 100vw, 576px\" \/><\/figure>\n<\/div>\n<\/div>\n\n\n\n<div style=\"height:88px\" aria-hidden=\"true\" class=\"wp-block-spacer\"><\/div>\n\n\n\n<div class=\"wp-block-cover alignfull\" style=\"min-height:570px;aspect-ratio:unset;\"><img loading=\"lazy\" decoding=\"async\" width=\"2560\" height=\"1826\" class=\"wp-block-cover__image-background wp-image-1829\" alt=\"\" src=\"http:\/\/enrougetnoir.fxetcetera.fr\/wp-content\/uploads\/2022\/11\/pexels-bedis-elacheche-891118-scaled.jpg\" data-object-fit=\"cover\" srcset=\"https:\/\/enrougetnoir.fr\/wp-content\/uploads\/2022\/11\/pexels-bedis-elacheche-891118-scaled.jpg 2560w, https:\/\/enrougetnoir.fr\/wp-content\/uploads\/2022\/11\/pexels-bedis-elacheche-891118-300x214.jpg 300w, https:\/\/enrougetnoir.fr\/wp-content\/uploads\/2022\/11\/pexels-bedis-elacheche-891118-1024x731.jpg 1024w, https:\/\/enrougetnoir.fr\/wp-content\/uploads\/2022\/11\/pexels-bedis-elacheche-891118-768x548.jpg 768w, https:\/\/enrougetnoir.fr\/wp-content\/uploads\/2022\/11\/pexels-bedis-elacheche-891118-1536x1096.jpg 1536w, https:\/\/enrougetnoir.fr\/wp-content\/uploads\/2022\/11\/pexels-bedis-elacheche-891118-2048x1461.jpg 2048w, https:\/\/enrougetnoir.fr\/wp-content\/uploads\/2022\/11\/pexels-bedis-elacheche-891118-1320x942.jpg 1320w\" sizes=\"auto, (max-width: 2560px) 100vw, 2560px\" \/><span aria-hidden=\"true\" class=\"wp-block-cover__background has-background-dim-60 has-background-dim\"><\/span><div class=\"wp-block-cover__inner-container is-layout-flow wp-block-cover-is-layout-flow\">\n<h3 class=\"wp-block-heading has-text-align-center has-ast-global-color-5-color has-text-color has-x-large-font-size\"><strong>Vous avez une Question ? <\/strong><br>Un projet ou partenariat \u00e0 proposer ? <\/h3>\n\n\n\n<h2 class=\"wp-block-heading has-text-align-center has-ast-global-color-5-color has-text-color\">Ecrivez-moi \u00e0  contact@enrougetnoir.fr<\/h2>\n\n\n\n<p><\/p>\n<\/div><\/div>\n","protected":false},"excerpt":{"rendered":"<p>Points de vente Retrouvez-moi pr\u00e8s de chez vous ! Depuis Ao\u00fbt 2023 ma petite poissonnerie mobile s&rsquo;est lanc\u00e9e sur les routes des communes pr\u00e8s de chez moi : Daoulas, Logonna-Daoulas, Saint-Urbain, Plou\u00e9dern, Plougastel et Lannilis ! C&rsquo;est un r\u00e9el plaisir de vous recevoir sur mon stand, de vous conseiller et d&rsquo;\u00e9changer avec vous des recettes [&hellip;]<\/p>\n","protected":false},"author":1,"featured_media":0,"parent":0,"menu_order":0,"comment_status":"closed","ping_status":"closed","template":"","meta":{"_uag_custom_page_level_css":"","site-sidebar-layout":"no-sidebar","site-content-layout":"page-builder","ast-site-content-layout":"full-width-container","site-content-style":"unboxed","site-sidebar-style":"unboxed","ast-global-header-display":"","ast-banner-title-visibility":"","ast-main-header-display":"","ast-hfb-above-header-display":"","ast-hfb-below-header-display":"","ast-hfb-mobile-header-display":"","site-post-title":"disabled","ast-breadcrumbs-content":"","ast-featured-img":"disabled","footer-sml-layout":"","theme-transparent-header-meta":"enabled","adv-header-id-meta":"","stick-header-meta":"","header-above-stick-meta":"","header-main-stick-meta":"","header-below-stick-meta":"","astra-migrate-meta-layouts":"set","ast-page-background-enabled":"default","ast-page-background-meta":{"desktop":{"background-color":"var(--ast-global-color-4)","background-image":"","background-repeat":"repeat","background-position":"center center","background-size":"auto","background-attachment":"scroll","background-type":"","background-media":"","overlay-type":"","overlay-color":"","overlay-opacity":"","overlay-gradient":""},"tablet":{"background-color":"","background-image":"","background-repeat":"repeat","background-position":"center center","background-size":"auto","background-attachment":"scroll","background-type":"","background-media":"","overlay-type":"","overlay-color":"","overlay-opacity":"","overlay-gradient":""},"mobile":{"background-color":"","background-image":"","background-repeat":"repeat","background-position":"center center","background-size":"auto","background-attachment":"scroll","background-type":"","background-media":"","overlay-type":"","overlay-color":"","overlay-opacity":"","overlay-gradient":""}},"ast-content-background-meta":{"desktop":{"background-color":"var(--ast-global-color-5)","background-image":"","background-repeat":"repeat","background-position":"center center","background-size":"auto","background-attachment":"scroll","background-type":"","background-media":"","overlay-type":"","overlay-color":"","overlay-opacity":"","overlay-gradient":""},"tablet":{"background-color":"var(--ast-global-color-5)","background-image":"","background-repeat":"repeat","background-position":"center center","background-size":"auto","background-attachment":"scroll","background-type":"","background-media":"","overlay-type":"","overlay-color":"","overlay-opacity":"","overlay-gradient":""},"mobile":{"background-color":"var(--ast-global-color-5)","background-image":"","background-repeat":"repeat","background-position":"center center","background-size":"auto","background-attachment":"scroll","background-type":"","background-media":"","overlay-type":"","overlay-color":"","overlay-opacity":"","overlay-gradient":""}},"iawp_total_views":1684,"footnotes":""},"class_list":["post-1935","page","type-page","status-publish","hentry"],"uagb_featured_image_src":{"full":false,"thumbnail":false,"medium":false,"medium_large":false,"large":false,"1536x1536":false,"2048x2048":false,"mailpoet_newsletter_max":false},"uagb_author_info":{"display_name":"delphine","author_link":"https:\/\/enrougetnoir.fr\/?author=1"},"uagb_comment_info":0,"uagb_excerpt":"Points de vente Retrouvez-moi pr\u00e8s de chez vous ! Depuis Ao\u00fbt 2023 ma petite poissonnerie mobile s&rsquo;est lanc\u00e9e sur les routes des communes pr\u00e8s de chez moi : Daoulas, Logonna-Daoulas, Saint-Urbain, Plou\u00e9dern, Plougastel et Lannilis ! C&rsquo;est un r\u00e9el plaisir de vous recevoir sur mon stand, de vous conseiller et d&rsquo;\u00e9changer avec vous des recettes\u2026","_links":{"self":[{"href":"https:\/\/enrougetnoir.fr\/index.php?rest_route=\/wp\/v2\/pages\/1935","targetHints":{"allow":["GET"]}}],"collection":[{"href":"https:\/\/enrougetnoir.fr\/index.php?rest_route=\/wp\/v2\/pages"}],"about":[{"href":"https:\/\/enrougetnoir.fr\/index.php?rest_route=\/wp\/v2\/types\/page"}],"author":[{"embeddable":true,"href":"https:\/\/enrougetnoir.fr\/index.php?rest_route=\/wp\/v2\/users\/1"}],"replies":[{"embeddable":true,"href":"https:\/\/enrougetnoir.fr\/index.php?rest_route=%2Fwp%2Fv2%2Fcomments&post=1935"}],"version-history":[{"count":45,"href":"https:\/\/enrougetnoir.fr\/index.php?rest_route=\/wp\/v2\/pages\/1935\/revisions"}],"predecessor-version":[{"id":2300,"href":"https:\/\/enrougetnoir.fr\/index.php?rest_route=\/wp\/v2\/pages\/1935\/revisions\/2300"}],"wp:attachment":[{"href":"https:\/\/enrougetnoir.fr\/index.php?rest_route=%2Fwp%2Fv2%2Fmedia&parent=1935"}],"curies":[{"name":"wp","href":"https:\/\/api.w.org\/{rel}","templated":true}]}}